{"id":11670,"date":"2020-01-31T13:12:08","date_gmt":"2020-01-31T11:12:08","guid":{"rendered":"https:\/\/www.elmedanotenerife.es\/wettervorhersage\/"},"modified":"2020-01-31T13:12:08","modified_gmt":"2020-01-31T11:12:08","slug":"wettervorhersage","status":"publish","type":"page","link":"https:\/\/www.elmedanotenerife.es\/de\/wettervorhersage\/","title":{"rendered":"Wettervorhersage"},"content":{"rendered":"<p><strong>Playa Del Cabezo \/ El M\u00e9dano<\/strong><\/p>\n<table style=\"width: 1141px;\">\n<tbody>\n<tr>\n<td style=\"width: 90px;\"><img decoding=\"async\" src=\"https:\/\/www.elmedanotenerife.es\/wp-content\/uploads\/2020\/01\/ELMEDANO.png\" alt=\"Bnner\" width=\"81\" height=\"445\"><\/td>\n<td style=\"width: 1100px;\"><script type=\"text\/javascript\" src=\"https:\/\/www.windfinder.com\/widget\/forecast\/js\/tenerife_el_cabezo?unit_wave=m&amp;unit_rain=mm&amp;unit_temperature=c&amp;unit_wind=kmh&amp;days=4&amp;show_day=1\"><\/script><noscript><a rel=\"nofollow\" href=\"https:\/\/www.windfinder.com\/forecast\/tenerife_el_cabezo?utm_source=forecast&amp;utm_medium=web&amp;utm_campaign=homepageweather&amp;utm_content=noscript-forecast\">Windvorhersage f\u00fcr undefinierte<\/a> <a rel=\"nofollow\" href=\"https:\/\/www.windfinder.com?utm_source=forecast&amp;utm_medium=web&amp;utm_campaign=homepageweather&amp;utm_content=noscript-logo\">windfinder.com<\/a><\/noscript><\/td>\n<\/tr>\n<\/tbody>\n<\/table>\n<table>\n<tbody>\n<tr>\n<td><a href=\"https:\/\/www.windfinder.com?utm_source=reportgraph&amp;utm_medium=web&amp;utm_campaign=homepageweather&amp;utm_content=largegraph\"><img decoding=\"async\" src=\"https:\/\/www.windfinder.com\/wind-cgi\/stationsgif.pl?STATIONSNR=es19&amp;UNIT_WIND=kmh&amp;UNIT_TEMPERATURE=c\" border=\"0\"><\/a><\/td>\n<td><script type=\"text\/javascript\" src=\"https:\/\/www.windfinder.com\/wind-cgi\/homepagestatistics.pl?STATIONSNR=es19\"><\/script><noscript><a rel=\"nofollow\" href=\"https:\/\/www.windfinder.com\/forecast\/el_medano?utm_source=forecast&amp;utm_medium=web&amp;utm_campaign=homepageweather&amp;utm_content=noscript-forecast\">Windvorhersage f\u00fcr undefinierte<\/a> <a rel=\"nofollow\" href=\"https:\/\/www.windfinder.com?utm_source=forecast&amp;utm_medium=web&amp;utm_campaign=homepageweather&amp;utm_content=noscript-logo\">windfinder.com<\/a><\/noscript><\/td>\n<\/tr>\n<\/tbody>\n<\/table>\n<p><iframe src=\"https:\/\/wisuki.com\/widget-details?spot=4624&amp;lang=es&amp;spotinfo=1\" style=\"border: 0; width: 100%; height: 530px;\" frameborder=\"0\"><\/iframe><\/p>\n","protected":false},"excerpt":{"rendered":"<p>Playa Del Cabezo \/ El M\u00e9dano Windvorhersage f\u00fcr undefinierte windfinder.com Windvorhersage f\u00fcr undefinierte windfinder.com<\/p>\n","protected":false},"author":1,"featured_media":0,"parent":0,"menu_order":0,"comment_status":"closed","ping_status":"closed","template":"","meta":{"_bbp_topic_count":0,"_bbp_reply_count":0,"_bbp_total_topic_count":0,"_bbp_total_reply_count":0,"_bbp_voice_count":0,"_bbp_anonymous_reply_count":0,"_bbp_topic_count_hidden":0,"_bbp_reply_count_hidden":0,"_bbp_forum_subforum_count":0,"footnotes":""},"class_list":["post-11670","page","type-page","status-publish","hentry"],"yoast_head":"<!-- This site is optimized with the Yoast SEO plugin v27.3 - https:\/\/yoast.com\/product\/yoast-seo-wordpress\/ -->\n<title>Wettervorhersage - El M\u00e9dano Tenerife<\/title>\n<meta name=\"robots\" content=\"index, follow, max-snippet:-1, max-image-preview:large, max-video-preview:-1\" \/>\n<link rel=\"canonical\" href=\"https:\/\/www.elmedanotenerife.es\/de\/wettervorhersage\/\" \/>\n<meta property=\"og:locale\" content=\"de_DE\" \/>\n<meta property=\"og:type\" content=\"article\" \/>\n<meta property=\"og:title\" content=\"Wettervorhersage - El M\u00e9dano Tenerife\" \/>\n<meta property=\"og:description\" content=\"Playa Del Cabezo \/ El M\u00e9dano Windvorhersage f\u00fcr undefinierte windfinder.com Windvorhersage f\u00fcr undefinierte windfinder.com\" \/>\n<meta property=\"og:url\" content=\"https:\/\/www.elmedanotenerife.es\/de\/wettervorhersage\/\" \/>\n<meta property=\"og:site_name\" content=\"El M\u00e9dano Tenerife\" \/>\n<meta property=\"og:image\" content=\"https:\/\/www.elmedanotenerife.es\/wp-content\/uploads\/2020\/01\/ELMEDANO.png\" \/>\n<meta name=\"twitter:card\" content=\"summary_large_image\" \/>\n<script type=\"application\/ld+json\" class=\"yoast-schema-graph\">{\"@context\":\"https:\\\/\\\/schema.org\",\"@graph\":[{\"@type\":\"WebPage\",\"@id\":\"https:\\\/\\\/www.elmedanotenerife.es\\\/de\\\/wettervorhersage\\\/\",\"url\":\"https:\\\/\\\/www.elmedanotenerife.es\\\/de\\\/wettervorhersage\\\/\",\"name\":\"Wettervorhersage - El M\u00e9dano Tenerife\",\"isPartOf\":{\"@id\":\"https:\\\/\\\/www.elmedanotenerife.es\\\/de\\\/#website\"},\"primaryImageOfPage\":{\"@id\":\"https:\\\/\\\/www.elmedanotenerife.es\\\/de\\\/wettervorhersage\\\/#primaryimage\"},\"image\":{\"@id\":\"https:\\\/\\\/www.elmedanotenerife.es\\\/de\\\/wettervorhersage\\\/#primaryimage\"},\"thumbnailUrl\":\"https:\\\/\\\/www.elmedanotenerife.es\\\/wp-content\\\/uploads\\\/2020\\\/01\\\/ELMEDANO.png\",\"datePublished\":\"2020-01-31T11:12:08+00:00\",\"breadcrumb\":{\"@id\":\"https:\\\/\\\/www.elmedanotenerife.es\\\/de\\\/wettervorhersage\\\/#breadcrumb\"},\"inLanguage\":\"de\",\"potentialAction\":[{\"@type\":\"ReadAction\",\"target\":[\"https:\\\/\\\/www.elmedanotenerife.es\\\/de\\\/wettervorhersage\\\/\"]}]},{\"@type\":\"ImageObject\",\"inLanguage\":\"de\",\"@id\":\"https:\\\/\\\/www.elmedanotenerife.es\\\/de\\\/wettervorhersage\\\/#primaryimage\",\"url\":\"https:\\\/\\\/www.elmedanotenerife.es\\\/wp-content\\\/uploads\\\/2020\\\/01\\\/ELMEDANO.png\",\"contentUrl\":\"https:\\\/\\\/www.elmedanotenerife.es\\\/wp-content\\\/uploads\\\/2020\\\/01\\\/ELMEDANO.png\"},{\"@type\":\"BreadcrumbList\",\"@id\":\"https:\\\/\\\/www.elmedanotenerife.es\\\/de\\\/wettervorhersage\\\/#breadcrumb\",\"itemListElement\":[{\"@type\":\"ListItem\",\"position\":1,\"name\":\"Portada\",\"item\":\"https:\\\/\\\/www.elmedanotenerife.es\\\/de\\\/\"},{\"@type\":\"ListItem\",\"position\":2,\"name\":\"Wettervorhersage\"}]},{\"@type\":\"WebSite\",\"@id\":\"https:\\\/\\\/www.elmedanotenerife.es\\\/de\\\/#website\",\"url\":\"https:\\\/\\\/www.elmedanotenerife.es\\\/de\\\/\",\"name\":\"El M\u00e9dano Tenerife\",\"description\":\"\",\"potentialAction\":[{\"@type\":\"SearchAction\",\"target\":{\"@type\":\"EntryPoint\",\"urlTemplate\":\"https:\\\/\\\/www.elmedanotenerife.es\\\/de\\\/?s={search_term_string}\"},\"query-input\":{\"@type\":\"PropertyValueSpecification\",\"valueRequired\":true,\"valueName\":\"search_term_string\"}}],\"inLanguage\":\"de\"}]}<\/script>\n<!-- \/ Yoast SEO plugin. -->","yoast_head_json":{"title":"Wettervorhersage - El M\u00e9dano Tenerife","robots":{"index":"index","follow":"follow","max-snippet":"max-snippet:-1","max-image-preview":"max-image-preview:large","max-video-preview":"max-video-preview:-1"},"canonical":"https:\/\/www.elmedanotenerife.es\/de\/wettervorhersage\/","og_locale":"de_DE","og_type":"article","og_title":"Wettervorhersage - El M\u00e9dano Tenerife","og_description":"Playa Del Cabezo \/ El M\u00e9dano Windvorhersage f\u00fcr undefinierte windfinder.com Windvorhersage f\u00fcr undefinierte windfinder.com","og_url":"https:\/\/www.elmedanotenerife.es\/de\/wettervorhersage\/","og_site_name":"El M\u00e9dano Tenerife","og_image":[{"url":"https:\/\/www.elmedanotenerife.es\/wp-content\/uploads\/2020\/01\/ELMEDANO.png","type":"","width":"","height":""}],"twitter_card":"summary_large_image","schema":{"@context":"https:\/\/schema.org","@graph":[{"@type":"WebPage","@id":"https:\/\/www.elmedanotenerife.es\/de\/wettervorhersage\/","url":"https:\/\/www.elmedanotenerife.es\/de\/wettervorhersage\/","name":"Wettervorhersage - El M\u00e9dano Tenerife","isPartOf":{"@id":"https:\/\/www.elmedanotenerife.es\/de\/#website"},"primaryImageOfPage":{"@id":"https:\/\/www.elmedanotenerife.es\/de\/wettervorhersage\/#primaryimage"},"image":{"@id":"https:\/\/www.elmedanotenerife.es\/de\/wettervorhersage\/#primaryimage"},"thumbnailUrl":"https:\/\/www.elmedanotenerife.es\/wp-content\/uploads\/2020\/01\/ELMEDANO.png","datePublished":"2020-01-31T11:12:08+00:00","breadcrumb":{"@id":"https:\/\/www.elmedanotenerife.es\/de\/wettervorhersage\/#breadcrumb"},"inLanguage":"de","potentialAction":[{"@type":"ReadAction","target":["https:\/\/www.elmedanotenerife.es\/de\/wettervorhersage\/"]}]},{"@type":"ImageObject","inLanguage":"de","@id":"https:\/\/www.elmedanotenerife.es\/de\/wettervorhersage\/#primaryimage","url":"https:\/\/www.elmedanotenerife.es\/wp-content\/uploads\/2020\/01\/ELMEDANO.png","contentUrl":"https:\/\/www.elmedanotenerife.es\/wp-content\/uploads\/2020\/01\/ELMEDANO.png"},{"@type":"BreadcrumbList","@id":"https:\/\/www.elmedanotenerife.es\/de\/wettervorhersage\/#breadcrumb","itemListElement":[{"@type":"ListItem","position":1,"name":"Portada","item":"https:\/\/www.elmedanotenerife.es\/de\/"},{"@type":"ListItem","position":2,"name":"Wettervorhersage"}]},{"@type":"WebSite","@id":"https:\/\/www.elmedanotenerife.es\/de\/#website","url":"https:\/\/www.elmedanotenerife.es\/de\/","name":"El M\u00e9dano Tenerife","description":"","potentialAction":[{"@type":"SearchAction","target":{"@type":"EntryPoint","urlTemplate":"https:\/\/www.elmedanotenerife.es\/de\/?s={search_term_string}"},"query-input":{"@type":"PropertyValueSpecification","valueRequired":true,"valueName":"search_term_string"}}],"inLanguage":"de"}]}},"post_mailing_queue_ids":[],"_links":{"self":[{"href":"https:\/\/www.elmedanotenerife.es\/de\/wp-json\/wp\/v2\/pages\/11670","targetHints":{"allow":["GET"]}}],"collection":[{"href":"https:\/\/www.elmedanotenerife.es\/de\/wp-json\/wp\/v2\/pages"}],"about":[{"href":"https:\/\/www.elmedanotenerife.es\/de\/wp-json\/wp\/v2\/types\/page"}],"author":[{"embeddable":true,"href":"https:\/\/www.elmedanotenerife.es\/de\/wp-json\/wp\/v2\/users\/1"}],"replies":[{"embeddable":true,"href":"https:\/\/www.elmedanotenerife.es\/de\/wp-json\/wp\/v2\/comments?post=11670"}],"version-history":[{"count":0,"href":"https:\/\/www.elmedanotenerife.es\/de\/wp-json\/wp\/v2\/pages\/11670\/revisions"}],"wp:attachment":[{"href":"https:\/\/www.elmedanotenerife.es\/de\/wp-json\/wp\/v2\/media?parent=11670"}],"curies":[{"name":"wp","href":"https:\/\/api.w.org\/{rel}","templated":true}]}}