{"id":12765,"date":"2020-02-13T12:13:25","date_gmt":"2020-02-13T10:13:25","guid":{"rendered":"https:\/\/www.elmedanotenerife.es\/anspruchsgesellschaft\/"},"modified":"2020-02-13T12:13:28","modified_gmt":"2020-02-13T10:13:28","slug":"anspruchsgesellschaft","status":"publish","type":"page","link":"https:\/\/www.elmedanotenerife.es\/de\/anspruchsgesellschaft\/","title":{"rendered":"Anspruchsgesellschaft"},"content":{"rendered":"\t\t<div data-elementor-type=\"wp-page\" data-elementor-id=\"12765\" class=\"elementor elementor-12765 elementor-12545\" data-elementor-post-type=\"page\">\n\t\t\t\t\t\t<section class=\"elementor-section elementor-top-section elementor-element elementor-element-3eb8902f elementor-section-boxed elementor-section-height-default elementor-section-height-default\" data-id=\"3eb8902f\" data-element_type=\"section\" data-e-type=\"section\">\n\t\t\t\t\t\t<div class=\"elementor-container elementor-column-gap-default\">\n\t\t\t\t\t<div class=\"elementor-column elementor-col-100 elementor-top-column elementor-element elementor-element-33ed3d27\" data-id=\"33ed3d27\" data-element_type=\"column\" data-e-type=\"column\">\n\t\t\t<div class=\"elementor-widget-wrap elementor-element-populated\">\n\t\t\t\t\t\t<div class=\"elementor-element elementor-element-69acb21 elementor-widget elementor-widget-spacer\" data-id=\"69acb21\" data-element_type=\"widget\" data-e-type=\"widget\" data-widget_type=\"spacer.default\">\n\t\t\t\t<div class=\"elementor-widget-container\">\n\t\t\t\t\t\t\t<div class=\"elementor-spacer\">\n\t\t\t<div class=\"elementor-spacer-inner\"><\/div>\n\t\t<\/div>\n\t\t\t\t\t\t<\/div>\n\t\t\t\t<\/div>\n\t\t\t\t<div class=\"elementor-element elementor-element-faca5bf elementor-widget elementor-widget-text-editor\" data-id=\"faca5bf\" data-element_type=\"widget\" data-e-type=\"widget\" data-widget_type=\"text-editor.default\">\n\t\t\t\t<div class=\"elementor-widget-container\">\n\t\t\t\t\t\t\t\t\t<h3>Haben Sie sich angemeldet und m\u00f6chten die Kontrolle \u00fcber die Liste Ihres Unternehmens \u00fcbernehmen?<\/h3>\n<h2>Beanspruchen Sie das Eigentum an der B\u00f6rsennotierung Ihres Unternehmens<\/h2>\n<p style=\"text-align: left;\">Wenn Sie Ihr Benutzerkonto bereits erstellt haben, haben Sie zwei M\u00f6glichkeiten, die Kontrolle \u00fcber Ihre Unternehmensliste im Verzeichnis zu \u00fcbernehmen:<\/p>\n<ul>\n<li style=\"text-align: left;\">Sie k\u00f6nnen ein Unternehmen in SCRIBE YOUR COMPANY erstellen und Ihre Unternehmensdaten ausf\u00fcllen. In diesem Fall wird das Unternehmen dupliziert: Lassen Sie es uns einfach im formular unten wissen und wir werden fortfahren, die alte Registerkarte zu l\u00f6schen.<\/li>\n<li style=\"text-align: left;\">Sie k\u00f6nnen uns um das Eigentum an Ihrem Unternehmensangebot bitten. Sobald wir die Richtigkeit der Anfrage \u00fcberpr\u00fcfen, wird sie in Ihrem Abschnitt &#8220;Meine Unternehmen&#8221; angezeigt.<\/li>\n<\/ul>\n\t\t\t\t\t\t\t\t<\/div>\n\t\t\t\t<\/div>\n\t\t\t\t<div class=\"elementor-element elementor-element-fd8bd13 elementor-button-align-stretch elementor-widget elementor-widget-form\" data-id=\"fd8bd13\" data-element_type=\"widget\" data-e-type=\"widget\" data-settings=\"{&quot;button_width&quot;:&quot;100&quot;,&quot;step_next_label&quot;:&quot;N\\u00e4chster&quot;,&quot;step_previous_label&quot;:&quot;Voriger&quot;,&quot;step_type&quot;:&quot;number_text&quot;,&quot;step_icon_shape&quot;:&quot;circle&quot;}\" data-widget_type=\"form.default\">\n\t\t\t\t<div class=\"elementor-widget-container\">\n\t\t\t\t\t\t\t<form class=\"elementor-form\" method=\"post\" name=\"Neues Formular\">\n\t\t\t<input type=\"hidden\" name=\"post_id\" value=\"12765\"\/>\n\t\t\t<input type=\"hidden\" name=\"form_id\" value=\"fd8bd13\"\/>\n\t\t\t<input type=\"hidden\" name=\"referer_title\" value=\"Anspruchsgesellschaft - El M\u00e9dano Tenerife\" \/>\n\n\t\t\t\t\t\t\t<input type=\"hidden\" name=\"queried_id\" value=\"12765\"\/>\n\t\t\t\n\t\t\t<div class=\"elementor-form-fields-wrapper elementor-labels-above\">\n\t\t\t\t\t\t\t\t<div class=\"elementor-field-type-text elementor-field-group elementor-column elementor-field-group-name elementor-col-33 elementor-field-required elementor-mark-required\">\n\t\t\t\t\t\t\t\t\t\t\t\t<label for=\"form-field-name\" class=\"elementor-field-label\">\n\t\t\t\t\t\t\t\tname\t\t\t\t\t\t\t<\/label>\n\t\t\t\t\t\t\t\t\t\t\t\t\t\t<input size=\"1\" type=\"text\" name=\"form_fields[name]\" id=\"form-field-name\" class=\"elementor-field elementor-size-xs  elementor-field-textual\" placeholder=\"name\" required=\"required\">\n\t\t\t\t\t\t\t\t\t\t\t<\/div>\n\t\t\t\t\t\t\t\t<div class=\"elementor-field-type-text elementor-field-group elementor-column elementor-field-group-field_1 elementor-col-33 elementor-field-required elementor-mark-required\">\n\t\t\t\t\t\t\t\t\t\t\t\t<label for=\"form-field-field_1\" class=\"elementor-field-label\">\n\t\t\t\t\t\t\t\tUnternehmen\t\t\t\t\t\t\t<\/label>\n\t\t\t\t\t\t\t\t\t\t\t\t\t\t<input size=\"1\" type=\"text\" name=\"form_fields[field_1]\" id=\"form-field-field_1\" class=\"elementor-field elementor-size-xs  elementor-field-textual\" placeholder=\"Unternehmen\" required=\"required\">\n\t\t\t\t\t\t\t\t\t\t\t<\/div>\n\t\t\t\t\t\t\t\t<div class=\"elementor-field-type-tel elementor-field-group elementor-column elementor-field-group-field_2 elementor-col-33 elementor-field-required elementor-mark-required\">\n\t\t\t\t\t\t\t\t\t\t\t\t<label for=\"form-field-field_2\" class=\"elementor-field-label\">\n\t\t\t\t\t\t\t\tTelefon\t\t\t\t\t\t\t<\/label>\n\t\t\t\t\t\t\t\t<input size=\"1\" type=\"tel\" name=\"form_fields[field_2]\" id=\"form-field-field_2\" class=\"elementor-field elementor-size-xs  elementor-field-textual\" placeholder=\"Telefon\" required=\"required\" pattern=\"[0-9()#&amp;+*-=.]+\" title=\"Nur Nummern oder Telefon-Zeichen (#, -, *, etc) werden akzeptiert.\">\n\n\t\t\t\t\t\t<\/div>\n\t\t\t\t\t\t\t\t<div class=\"elementor-field-type-email elementor-field-group elementor-column elementor-field-group-email elementor-col-50 elementor-field-required elementor-mark-required\">\n\t\t\t\t\t\t\t\t\t\t\t\t<label for=\"form-field-email\" class=\"elementor-field-label\">\n\t\t\t\t\t\t\t\tPost\t\t\t\t\t\t\t<\/label>\n\t\t\t\t\t\t\t\t\t\t\t\t\t\t<input size=\"1\" type=\"email\" name=\"form_fields[email]\" id=\"form-field-email\" class=\"elementor-field elementor-size-xs  elementor-field-textual\" placeholder=\"Post\" required=\"required\">\n\t\t\t\t\t\t\t\t\t\t\t<\/div>\n\t\t\t\t\t\t\t\t<div class=\"elementor-field-type-select elementor-field-group elementor-column elementor-field-group-field_3 elementor-col-50 elementor-field-required elementor-mark-required\">\n\t\t\t\t\t\t\t\t\t\t\t\t<label for=\"form-field-field_3\" class=\"elementor-field-label\">\n\t\t\t\t\t\t\t\tWas sollen wir tun?\t\t\t\t\t\t\t<\/label>\n\t\t\t\t\t\t\t\t<div class=\"elementor-field elementor-select-wrapper remove-before \">\n\t\t\t<div class=\"select-caret-down-wrapper\">\n\t\t\t\t<i aria-hidden=\"true\" class=\"eicon-caret-down\"><\/i>\t\t\t<\/div>\n\t\t\t<select name=\"form_fields[field_3]\" id=\"form-field-field_3\" class=\"elementor-field-textual elementor-size-xs\" required=\"required\">\n\t\t\t\t\t\t\t\t\t<option value=\"Zuweisen einer Steuerung eines Unternehmens, das bereits im Verzeichnis erstellt wurde\">Zuweisen einer Steuerung eines Unternehmens, das bereits im Verzeichnis erstellt wurde<\/option>\n\t\t\t\t\t\t\t\t\t<option value=\"Doppeltes Unternehmen l\u00f6schen\">Doppeltes Unternehmen l\u00f6schen<\/option>\n\t\t\t\t\t\t\t\t\t<option value=\"Andere\">Andere<\/option>\n\t\t\t\t\t\t\t<\/select>\n\t\t<\/div>\n\t\t\t\t\t\t<\/div>\n\t\t\t\t\t\t\t\t<div class=\"elementor-field-type-textarea elementor-field-group elementor-column elementor-field-group-message elementor-col-100\">\n\t\t\t\t\t\t\t\t\t\t\t\t<label for=\"form-field-message\" class=\"elementor-field-label\">\n\t\t\t\t\t\t\t\tNachricht\t\t\t\t\t\t\t<\/label>\n\t\t\t\t\t\t<textarea class=\"elementor-field-textual elementor-field  elementor-size-xs\" name=\"form_fields[message]\" id=\"form-field-message\" rows=\"4\" placeholder=\"Nachricht\"><\/textarea>\t\t\t\t<\/div>\n\t\t\t\t\t\t\t\t<div class=\"elementor-field-group elementor-column elementor-field-type-submit elementor-col-100 e-form__buttons\">\n\t\t\t\t\t<button class=\"elementor-button elementor-size-sm\" type=\"submit\">\n\t\t\t\t\t\t<span class=\"elementor-button-content-wrapper\">\n\t\t\t\t\t\t\t\t\t\t\t\t\t\t\t\t\t\t\t\t\t\t<span class=\"elementor-button-text\">Senden<\/span>\n\t\t\t\t\t\t\t\t\t\t\t\t\t<\/span>\n\t\t\t\t\t<\/button>\n\t\t\t\t<\/div>\n\t\t\t<\/div>\n\t\t<\/form>\n\t\t\t\t\t\t<\/div>\n\t\t\t\t<\/div>\n\t\t\t\t\t<\/div>\n\t\t<\/div>\n\t\t\t\t\t<\/div>\n\t\t<\/section>\n\t\t\t\t<\/div>\n\t\t","protected":false},"excerpt":{"rendered":"<p>Haben Sie sich angemeldet und m\u00f6chten die Kontrolle \u00fcber die Liste Ihres Unternehmens \u00fcbernehmen? Beanspruchen Sie das Eigentum an der&hellip;<\/p>\n","protected":false},"author":1,"featured_media":0,"parent":0,"menu_order":0,"comment_status":"closed","ping_status":"closed","template":"elementor_header_footer","meta":{"_bbp_topic_count":0,"_bbp_reply_count":0,"_bbp_total_topic_count":0,"_bbp_total_reply_count":0,"_bbp_voice_count":0,"_bbp_anonymous_reply_count":0,"_bbp_topic_count_hidden":0,"_bbp_reply_count_hidden":0,"_bbp_forum_subforum_count":0,"footnotes":""},"class_list":["post-12765","page","type-page","status-publish","hentry"],"yoast_head":"<!-- This site is optimized with the Yoast SEO plugin v27.4 - https:\/\/yoast.com\/product\/yoast-seo-wordpress\/ -->\n<title>Anspruchsgesellschaft - El M\u00e9dano Tenerife<\/title>\n<meta name=\"robots\" content=\"index, follow, max-snippet:-1, max-image-preview:large, max-video-preview:-1\" \/>\n<link rel=\"canonical\" href=\"https:\/\/www.elmedanotenerife.es\/de\/anspruchsgesellschaft\/\" \/>\n<meta property=\"og:locale\" content=\"de_DE\" \/>\n<meta property=\"og:type\" content=\"article\" \/>\n<meta property=\"og:title\" content=\"Anspruchsgesellschaft - El M\u00e9dano Tenerife\" \/>\n<meta property=\"og:description\" content=\"Haben Sie sich angemeldet und m\u00f6chten die Kontrolle \u00fcber die Liste Ihres Unternehmens \u00fcbernehmen? Beanspruchen Sie das Eigentum an der&hellip;\" \/>\n<meta property=\"og:url\" content=\"https:\/\/www.elmedanotenerife.es\/de\/anspruchsgesellschaft\/\" \/>\n<meta property=\"og:site_name\" content=\"El M\u00e9dano Tenerife\" \/>\n<meta property=\"article:modified_time\" content=\"2020-02-13T10:13:28+00:00\" \/>\n<meta name=\"twitter:card\" content=\"summary_large_image\" \/>\n<meta name=\"twitter:label1\" content=\"Gesch\u00e4tzte Lesezeit\" \/>\n\t<meta name=\"twitter:data1\" content=\"1\u00a0Minute\" \/>\n<script type=\"application\/ld+json\" class=\"yoast-schema-graph\">{\"@context\":\"https:\\\/\\\/schema.org\",\"@graph\":[{\"@type\":\"WebPage\",\"@id\":\"https:\\\/\\\/www.elmedanotenerife.es\\\/de\\\/anspruchsgesellschaft\\\/\",\"url\":\"https:\\\/\\\/www.elmedanotenerife.es\\\/de\\\/anspruchsgesellschaft\\\/\",\"name\":\"Anspruchsgesellschaft - El M\u00e9dano Tenerife\",\"isPartOf\":{\"@id\":\"https:\\\/\\\/www.elmedanotenerife.es\\\/de\\\/#website\"},\"datePublished\":\"2020-02-13T10:13:25+00:00\",\"dateModified\":\"2020-02-13T10:13:28+00:00\",\"breadcrumb\":{\"@id\":\"https:\\\/\\\/www.elmedanotenerife.es\\\/de\\\/anspruchsgesellschaft\\\/#breadcrumb\"},\"inLanguage\":\"de\",\"potentialAction\":[{\"@type\":\"ReadAction\",\"target\":[\"https:\\\/\\\/www.elmedanotenerife.es\\\/de\\\/anspruchsgesellschaft\\\/\"]}]},{\"@type\":\"BreadcrumbList\",\"@id\":\"https:\\\/\\\/www.elmedanotenerife.es\\\/de\\\/anspruchsgesellschaft\\\/#breadcrumb\",\"itemListElement\":[{\"@type\":\"ListItem\",\"position\":1,\"name\":\"Portada\",\"item\":\"https:\\\/\\\/www.elmedanotenerife.es\\\/de\\\/\"},{\"@type\":\"ListItem\",\"position\":2,\"name\":\"Anspruchsgesellschaft\"}]},{\"@type\":\"WebSite\",\"@id\":\"https:\\\/\\\/www.elmedanotenerife.es\\\/de\\\/#website\",\"url\":\"https:\\\/\\\/www.elmedanotenerife.es\\\/de\\\/\",\"name\":\"El M\u00e9dano Tenerife\",\"description\":\"\",\"potentialAction\":[{\"@type\":\"SearchAction\",\"target\":{\"@type\":\"EntryPoint\",\"urlTemplate\":\"https:\\\/\\\/www.elmedanotenerife.es\\\/de\\\/?s={search_term_string}\"},\"query-input\":{\"@type\":\"PropertyValueSpecification\",\"valueRequired\":true,\"valueName\":\"search_term_string\"}}],\"inLanguage\":\"de\"}]}<\/script>\n<!-- \/ Yoast SEO plugin. -->","yoast_head_json":{"title":"Anspruchsgesellschaft - El M\u00e9dano Tenerife","robots":{"index":"index","follow":"follow","max-snippet":"max-snippet:-1","max-image-preview":"max-image-preview:large","max-video-preview":"max-video-preview:-1"},"canonical":"https:\/\/www.elmedanotenerife.es\/de\/anspruchsgesellschaft\/","og_locale":"de_DE","og_type":"article","og_title":"Anspruchsgesellschaft - El M\u00e9dano Tenerife","og_description":"Haben Sie sich angemeldet und m\u00f6chten die Kontrolle \u00fcber die Liste Ihres Unternehmens \u00fcbernehmen? Beanspruchen Sie das Eigentum an der&hellip;","og_url":"https:\/\/www.elmedanotenerife.es\/de\/anspruchsgesellschaft\/","og_site_name":"El M\u00e9dano Tenerife","article_modified_time":"2020-02-13T10:13:28+00:00","twitter_card":"summary_large_image","twitter_misc":{"Gesch\u00e4tzte Lesezeit":"1\u00a0Minute"},"schema":{"@context":"https:\/\/schema.org","@graph":[{"@type":"WebPage","@id":"https:\/\/www.elmedanotenerife.es\/de\/anspruchsgesellschaft\/","url":"https:\/\/www.elmedanotenerife.es\/de\/anspruchsgesellschaft\/","name":"Anspruchsgesellschaft - El M\u00e9dano Tenerife","isPartOf":{"@id":"https:\/\/www.elmedanotenerife.es\/de\/#website"},"datePublished":"2020-02-13T10:13:25+00:00","dateModified":"2020-02-13T10:13:28+00:00","breadcrumb":{"@id":"https:\/\/www.elmedanotenerife.es\/de\/anspruchsgesellschaft\/#breadcrumb"},"inLanguage":"de","potentialAction":[{"@type":"ReadAction","target":["https:\/\/www.elmedanotenerife.es\/de\/anspruchsgesellschaft\/"]}]},{"@type":"BreadcrumbList","@id":"https:\/\/www.elmedanotenerife.es\/de\/anspruchsgesellschaft\/#breadcrumb","itemListElement":[{"@type":"ListItem","position":1,"name":"Portada","item":"https:\/\/www.elmedanotenerife.es\/de\/"},{"@type":"ListItem","position":2,"name":"Anspruchsgesellschaft"}]},{"@type":"WebSite","@id":"https:\/\/www.elmedanotenerife.es\/de\/#website","url":"https:\/\/www.elmedanotenerife.es\/de\/","name":"El M\u00e9dano Tenerife","description":"","potentialAction":[{"@type":"SearchAction","target":{"@type":"EntryPoint","urlTemplate":"https:\/\/www.elmedanotenerife.es\/de\/?s={search_term_string}"},"query-input":{"@type":"PropertyValueSpecification","valueRequired":true,"valueName":"search_term_string"}}],"inLanguage":"de"}]}},"post_mailing_queue_ids":[],"_links":{"self":[{"href":"https:\/\/www.elmedanotenerife.es\/de\/wp-json\/wp\/v2\/pages\/12765","targetHints":{"allow":["GET"]}}],"collection":[{"href":"https:\/\/www.elmedanotenerife.es\/de\/wp-json\/wp\/v2\/pages"}],"about":[{"href":"https:\/\/www.elmedanotenerife.es\/de\/wp-json\/wp\/v2\/types\/page"}],"author":[{"embeddable":true,"href":"https:\/\/www.elmedanotenerife.es\/de\/wp-json\/wp\/v2\/users\/1"}],"replies":[{"embeddable":true,"href":"https:\/\/www.elmedanotenerife.es\/de\/wp-json\/wp\/v2\/comments?post=12765"}],"version-history":[{"count":4,"href":"https:\/\/www.elmedanotenerife.es\/de\/wp-json\/wp\/v2\/pages\/12765\/revisions"}],"predecessor-version":[{"id":12769,"href":"https:\/\/www.elmedanotenerife.es\/de\/wp-json\/wp\/v2\/pages\/12765\/revisions\/12769"}],"wp:attachment":[{"href":"https:\/\/www.elmedanotenerife.es\/de\/wp-json\/wp\/v2\/media?parent=12765"}],"curies":[{"name":"wp","href":"https:\/\/api.w.org\/{rel}","templated":true}]}}