{"id":12821,"date":"2020-02-13T13:41:40","date_gmt":"2020-02-13T11:41:40","guid":{"rendered":"https:\/\/www.elmedanotenerife.es\/bruder-peters-weg\/"},"modified":"2020-02-13T13:41:41","modified_gmt":"2020-02-13T11:41:41","slug":"bruder-peters-weg","status":"publish","type":"page","link":"https:\/\/www.elmedanotenerife.es\/de\/bruder-peters-weg\/","title":{"rendered":"Bruder Peters Weg"},"content":{"rendered":"\t\t<div data-elementor-type=\"wp-page\" data-elementor-id=\"12821\" class=\"elementor elementor-12821 elementor-12684\" data-elementor-post-type=\"page\">\n\t\t\t\t\t\t<section class=\"elementor-section elementor-top-section elementor-element elementor-element-1d3de7c3 elementor-section-content-middle elementor-section-boxed elementor-section-height-default elementor-section-height-default\" data-id=\"1d3de7c3\" data-element_type=\"section\" data-e-type=\"section\" data-settings=\"{&quot;background_background&quot;:&quot;classic&quot;}\">\n\t\t\t\t\t\t\t<div class=\"elementor-background-overlay\"><\/div>\n\t\t\t\t\t\t\t<div class=\"elementor-container elementor-column-gap-wide\">\n\t\t\t\t\t<div class=\"elementor-column elementor-col-100 elementor-top-column elementor-element elementor-element-535d1912\" data-id=\"535d1912\" data-element_type=\"column\" data-e-type=\"column\">\n\t\t\t<div class=\"elementor-widget-wrap elementor-element-populated\">\n\t\t\t\t\t\t<div class=\"elementor-element elementor-element-76120388 elementor-invisible elementor-widget elementor-widget-heading\" data-id=\"76120388\" data-element_type=\"widget\" data-e-type=\"widget\" data-settings=\"{&quot;_animation&quot;:&quot;fadeIn&quot;,&quot;_animation_delay&quot;:&quot;50&quot;}\" data-widget_type=\"heading.default\">\n\t\t\t\t<div class=\"elementor-widget-container\">\n\t\t\t\t\t<h2 class=\"elementor-heading-title elementor-size-default\">Besuch der H\u00f6hle des heiligen Hermano Pedro<\/h2>\t\t\t\t<\/div>\n\t\t\t\t<\/div>\n\t\t\t\t<div class=\"elementor-element elementor-element-96b7038 elementor-invisible elementor-widget elementor-widget-heading\" data-id=\"96b7038\" data-element_type=\"widget\" data-e-type=\"widget\" data-settings=\"{&quot;_animation&quot;:&quot;fadeIn&quot;,&quot;_animation_delay&quot;:&quot;100&quot;}\" data-widget_type=\"heading.default\">\n\t\t\t\t<div class=\"elementor-widget-container\">\n\t\t\t\t\t<h2 class=\"elementor-heading-title elementor-size-default\">Bruder Peters Weg<\/h2>\t\t\t\t<\/div>\n\t\t\t\t<\/div>\n\t\t\t\t<div class=\"elementor-element elementor-element-700633d6 elementor-widget-divider--view-line elementor-invisible elementor-widget elementor-widget-divider\" data-id=\"700633d6\" data-element_type=\"widget\" data-e-type=\"widget\" data-settings=\"{&quot;_animation&quot;:&quot;fadeIn&quot;,&quot;_animation_delay&quot;:&quot;300&quot;}\" data-widget_type=\"divider.default\">\n\t\t\t\t<div class=\"elementor-widget-container\">\n\t\t\t\t\t\t\t<div class=\"elementor-divider\">\n\t\t\t<span class=\"elementor-divider-separator\">\n\t\t\t\t\t\t<\/span>\n\t\t<\/div>\n\t\t\t\t\t\t<\/div>\n\t\t\t\t<\/div>\n\t\t\t\t<div class=\"elementor-element elementor-element-33026a88 elementor-invisible elementor-widget elementor-widget-heading\" data-id=\"33026a88\" data-element_type=\"widget\" data-e-type=\"widget\" data-settings=\"{&quot;_animation&quot;:&quot;fadeIn&quot;,&quot;_animation_delay&quot;:&quot;150&quot;}\" data-widget_type=\"heading.default\">\n\t\t\t\t<div class=\"elementor-widget-container\">\n\t\t\t\t\t<h2 class=\"elementor-heading-title elementor-size-default\">Pilgerweg zu Ehren des geborenen Papstes Hermano Pedro von Betencourt<br> 19. M\u00e4rz 1626 in Vilaflor, Gr\u00fcnder des Bethlemite-Ordens in Guatemala.<\/h2>\t\t\t\t<\/div>\n\t\t\t\t<\/div>\n\t\t\t\t\t<\/div>\n\t\t<\/div>\n\t\t\t\t\t<\/div>\n\t\t<\/section>\n\t\t\t\t<section class=\"elementor-section elementor-top-section elementor-element elementor-element-dd2865a elementor-section-boxed elementor-section-height-default elementor-section-height-default\" data-id=\"dd2865a\" data-element_type=\"section\" data-e-type=\"section\">\n\t\t\t\t\t\t<div class=\"elementor-container elementor-column-gap-default\">\n\t\t\t\t\t<div class=\"elementor-column elementor-col-50 elementor-top-column elementor-element elementor-element-43764ae\" data-id=\"43764ae\" data-element_type=\"column\" data-e-type=\"column\">\n\t\t\t<div class=\"elementor-widget-wrap elementor-element-populated\">\n\t\t\t\t\t\t<div class=\"elementor-element elementor-element-a96b899 elementor-widget elementor-widget-heading\" data-id=\"a96b899\" data-element_type=\"widget\" data-e-type=\"widget\" data-widget_type=\"heading.default\">\n\t\t\t\t<div class=\"elementor-widget-container\">\n\t\t\t\t\t<h2 class=\"elementor-heading-title elementor-size-default\">Grundlegende Routeninformationen<\/h2>\t\t\t\t<\/div>\n\t\t\t\t<\/div>\n\t\t\t\t<div class=\"elementor-element elementor-element-b49739f elementor-widget elementor-widget-text-editor\" data-id=\"b49739f\" data-element_type=\"widget\" data-e-type=\"widget\" data-widget_type=\"text-editor.default\">\n\t\t\t\t<div class=\"elementor-widget-container\">\n\t\t\t\t\t\t\t\t\t<ul>\n<li>Maximale H\u00f6he: 1465m (Abstiegsroute)<\/li>\n<li>Entfernung: 18.2 Kms<\/li>\n<li>Zeit: 2h 30m<\/li>\n<\/ul>\n<p>Pregrination Route, abfahrt von der Plaza de Vilaflor, neben der Kirche und machen die Route, die der Heilige mit seiner Herde von Schafen und Ziegen, die den Chasnera Hang hinunter, so dass sie im unteren Bereich grasen. An diesem Ort befindet sich die H\u00f6hle, wo sie w\u00e4hrend dieser Zeit blieb, die ihre Herde ern\u00e4hrte.<\/p>\n<p>Die Route durchquert nat\u00fcrliche Orte von gro\u00dfer Sch\u00f6nheit, steigt durch die Waldkrone ab und durchquert verschiedene Populationen.<\/p>\n\t\t\t\t\t\t\t\t<\/div>\n\t\t\t\t<\/div>\n\t\t\t\t<div class=\"elementor-element elementor-element-b03b784 elementor-widget elementor-widget-image\" data-id=\"b03b784\" data-element_type=\"widget\" data-e-type=\"widget\" data-widget_type=\"image.default\">\n\t\t\t\t<div class=\"elementor-widget-container\">\n\t\t\t\t\t\t\t\t\t\t\t\t\t\t\t<img decoding=\"async\" src=\"https:\/\/www.elmedanotenerife.es\/wp-content\/uploads\/2020\/02\/e94da1c5631238390e32500f062760de.png\" title=\"\" alt=\"\" loading=\"lazy\" \/>\t\t\t\t\t\t\t\t\t\t\t\t\t\t\t<\/div>\n\t\t\t\t<\/div>\n\t\t\t\t\t<\/div>\n\t\t<\/div>\n\t\t\t\t<div class=\"elementor-column elementor-col-50 elementor-top-column elementor-element elementor-element-674301f\" data-id=\"674301f\" data-element_type=\"column\" data-e-type=\"column\">\n\t\t\t<div class=\"elementor-widget-wrap elementor-element-populated\">\n\t\t\t\t\t\t<div class=\"elementor-element elementor-element-88549d6 elementor-widget elementor-widget-image\" data-id=\"88549d6\" data-element_type=\"widget\" data-e-type=\"widget\" data-widget_type=\"image.default\">\n\t\t\t\t<div class=\"elementor-widget-container\">\n\t\t\t\t\t\t\t\t\t\t\t\t\t\t\t<img decoding=\"async\" src=\"https:\/\/www.elmedanotenerife.es\/wp-content\/uploads\/2020\/02\/hmnopedro.png\" title=\"\" alt=\"\" loading=\"lazy\" \/>\t\t\t\t\t\t\t\t\t\t\t\t\t\t\t<\/div>\n\t\t\t\t<\/div>\n\t\t\t\t\t<\/div>\n\t\t<\/div>\n\t\t\t\t\t<\/div>\n\t\t<\/section>\n\t\t\t\t<section class=\"elementor-section elementor-top-section elementor-element elementor-element-75344e8 elementor-section-boxed elementor-section-height-default elementor-section-height-default\" data-id=\"75344e8\" data-element_type=\"section\" data-e-type=\"section\">\n\t\t\t\t\t\t<div class=\"elementor-container elementor-column-gap-default\">\n\t\t\t\t\t<div class=\"elementor-column elementor-col-100 elementor-top-column elementor-element elementor-element-ab9fe6b\" data-id=\"ab9fe6b\" data-element_type=\"column\" data-e-type=\"column\">\n\t\t\t<div class=\"elementor-widget-wrap elementor-element-populated\">\n\t\t\t\t\t\t<div class=\"elementor-element elementor-element-ada608e elementor-arrows-position-inside elementor-pagination-position-outside elementor-widget elementor-widget-image-carousel\" data-id=\"ada608e\" data-element_type=\"widget\" data-e-type=\"widget\" data-settings=\"{&quot;slides_to_show&quot;:&quot;7&quot;,&quot;navigation&quot;:&quot;both&quot;,&quot;autoplay&quot;:&quot;yes&quot;,&quot;pause_on_hover&quot;:&quot;yes&quot;,&quot;pause_on_interaction&quot;:&quot;yes&quot;,&quot;autoplay_speed&quot;:5000,&quot;infinite&quot;:&quot;yes&quot;,&quot;speed&quot;:500}\" data-widget_type=\"image-carousel.default\">\n\t\t\t\t<div class=\"elementor-widget-container\">\n\t\t\t\t\t\t\t<div class=\"elementor-image-carousel-wrapper swiper\" role=\"region\" aria-roledescription=\"carousel\" aria-label=\"Bild Karussell\" dir=\"ltr\">\n\t\t\t<div class=\"elementor-image-carousel swiper-wrapper\" aria-live=\"off\">\n\t\t\t\t\t\t\t\t<div class=\"swiper-slide\" role=\"group\" aria-roledescription=\"slide\" aria-label=\"1 von 7\"><a data-elementor-open-lightbox=\"yes\" data-elementor-lightbox-slideshow=\"ada608e\" data-elementor-lightbox-title=\"photo_2020-01-27_09-07-16\" data-e-action-hash=\"#elementor-action%3Aaction%3Dlightbox%26settings%3DeyJpZCI6MTE4NDIsInVybCI6Imh0dHBzOlwvXC93d3cuZWxtZWRhbm90ZW5lcmlmZS5lc1wvd3AtY29udGVudFwvdXBsb2Fkc1wvMjAyMFwvMDJcL3Bob3RvXzIwMjAtMDEtMjdfMDktMDctMTYuanBnIiwic2xpZGVzaG93IjoiYWRhNjA4ZSJ9\" href=\"https:\/\/www.elmedanotenerife.es\/wp-content\/uploads\/2020\/02\/photo_2020-01-27_09-07-16.jpg\"><figure class=\"swiper-slide-inner\"><img decoding=\"async\" class=\"swiper-slide-image\" src=\"https:\/\/www.elmedanotenerife.es\/wp-content\/uploads\/2020\/02\/photo_2020-01-27_09-07-15-2.jpg\" alt=\"photo_2020-01-27_09-07-16\" \/><\/figure><\/a><\/div><div class=\"swiper-slide\" role=\"group\" aria-roledescription=\"slide\" aria-label=\"2 von 7\"><a data-elementor-open-lightbox=\"yes\" data-elementor-lightbox-slideshow=\"ada608e\" data-elementor-lightbox-title=\"photo_2020-01-27_09-07-16 (2)\" data-e-action-hash=\"#elementor-action%3Aaction%3Dlightbox%26settings%3DeyJpZCI6MTE4MzcsInVybCI6Imh0dHBzOlwvXC93d3cuZWxtZWRhbm90ZW5lcmlmZS5lc1wvd3AtY29udGVudFwvdXBsb2Fkc1wvMjAyMFwvMDJcL3Bob3RvXzIwMjAtMDEtMjdfMDktMDctMTYtMi5qcGciLCJzbGlkZXNob3ciOiJhZGE2MDhlIn0%3D\" href=\"https:\/\/www.elmedanotenerife.es\/wp-content\/uploads\/2020\/02\/photo_2020-01-27_09-07-16-2.jpg\"><figure class=\"swiper-slide-inner\"><img decoding=\"async\" class=\"swiper-slide-image\" src=\"https:\/\/www.elmedanotenerife.es\/wp-content\/uploads\/2020\/02\/photo_2020-01-27_09-07-15-3.jpg\" alt=\"photo_2020-01-27_09-07-16 (2)\" \/><\/figure><\/a><\/div><div class=\"swiper-slide\" role=\"group\" aria-roledescription=\"slide\" aria-label=\"3 von 7\"><a data-elementor-open-lightbox=\"yes\" data-elementor-lightbox-slideshow=\"ada608e\" data-elementor-lightbox-title=\"photo_2020-01-27_09-07-15\" data-e-action-hash=\"#elementor-action%3Aaction%3Dlightbox%26settings%3DeyJpZCI6MTE4MzIsInVybCI6Imh0dHBzOlwvXC93d3cuZWxtZWRhbm90ZW5lcmlmZS5lc1wvd3AtY29udGVudFwvdXBsb2Fkc1wvMjAyMFwvMDJcL3Bob3RvXzIwMjAtMDEtMjdfMDktMDctMTUuanBnIiwic2xpZGVzaG93IjoiYWRhNjA4ZSJ9\" href=\"https:\/\/www.elmedanotenerife.es\/wp-content\/uploads\/2020\/02\/photo_2020-01-27_09-07-15.jpg\"><figure class=\"swiper-slide-inner\"><img decoding=\"async\" class=\"swiper-slide-image\" src=\"https:\/\/www.elmedanotenerife.es\/wp-content\/uploads\/2020\/02\/photo_2020-01-27_09-07-15-4.jpg\" alt=\"photo_2020-01-27_09-07-15\" \/><\/figure><\/a><\/div><div class=\"swiper-slide\" role=\"group\" aria-roledescription=\"slide\" aria-label=\"4 von 7\"><a data-elementor-open-lightbox=\"yes\" data-elementor-lightbox-slideshow=\"ada608e\" data-elementor-lightbox-title=\"photo_2020-01-27_09-07-14\" data-e-action-hash=\"#elementor-action%3Aaction%3Dlightbox%26settings%3DeyJpZCI6MTE4MjcsInVybCI6Imh0dHBzOlwvXC93d3cuZWxtZWRhbm90ZW5lcmlmZS5lc1wvd3AtY29udGVudFwvdXBsb2Fkc1wvMjAyMFwvMDJcL3Bob3RvXzIwMjAtMDEtMjdfMDktMDctMTQuanBnIiwic2xpZGVzaG93IjoiYWRhNjA4ZSJ9\" href=\"https:\/\/www.elmedanotenerife.es\/wp-content\/uploads\/2020\/02\/photo_2020-01-27_09-07-14.jpg\"><figure class=\"swiper-slide-inner\"><img decoding=\"async\" class=\"swiper-slide-image\" src=\"https:\/\/www.elmedanotenerife.es\/wp-content\/uploads\/2020\/02\/photo_2020-01-27_09-07-16-3.jpg\" alt=\"photo_2020-01-27_09-07-14\" \/><\/figure><\/a><\/div><div class=\"swiper-slide\" role=\"group\" aria-roledescription=\"slide\" aria-label=\"5 von 7\"><a data-elementor-open-lightbox=\"yes\" data-elementor-lightbox-slideshow=\"ada608e\" data-elementor-lightbox-title=\"photo_2020-01-27_09-06-50\" data-e-action-hash=\"#elementor-action%3Aaction%3Dlightbox%26settings%3DeyJpZCI6MTE4MjIsInVybCI6Imh0dHBzOlwvXC93d3cuZWxtZWRhbm90ZW5lcmlmZS5lc1wvd3AtY29udGVudFwvdXBsb2Fkc1wvMjAyMFwvMDJcL3Bob3RvXzIwMjAtMDEtMjdfMDktMDYtNTAuanBnIiwic2xpZGVzaG93IjoiYWRhNjA4ZSJ9\" href=\"https:\/\/www.elmedanotenerife.es\/wp-content\/uploads\/2020\/02\/photo_2020-01-27_09-06-50.jpg\"><figure class=\"swiper-slide-inner\"><img decoding=\"async\" class=\"swiper-slide-image\" src=\"https:\/\/www.elmedanotenerife.es\/wp-content\/uploads\/2020\/02\/photo_2020-01-27_09-07-16-4.jpg\" alt=\"photo_2020-01-27_09-06-50\" \/><\/figure><\/a><\/div><div class=\"swiper-slide\" role=\"group\" aria-roledescription=\"slide\" aria-label=\"6 von 7\"><a data-elementor-open-lightbox=\"yes\" data-elementor-lightbox-slideshow=\"ada608e\" data-elementor-lightbox-title=\"photo_2020-01-27_09-06-50 (2)\" data-e-action-hash=\"#elementor-action%3Aaction%3Dlightbox%26settings%3DeyJpZCI6MTE4MTcsInVybCI6Imh0dHBzOlwvXC93d3cuZWxtZWRhbm90ZW5lcmlmZS5lc1wvd3AtY29udGVudFwvdXBsb2Fkc1wvMjAyMFwvMDJcL3Bob3RvXzIwMjAtMDEtMjdfMDktMDYtNTAtMi5qcGciLCJzbGlkZXNob3ciOiJhZGE2MDhlIn0%3D\" href=\"https:\/\/www.elmedanotenerife.es\/wp-content\/uploads\/2020\/02\/photo_2020-01-27_09-06-50-2.jpg\"><figure class=\"swiper-slide-inner\"><img decoding=\"async\" class=\"swiper-slide-image\" src=\"https:\/\/www.elmedanotenerife.es\/wp-content\/uploads\/2020\/02\/photo_2020-01-27_09-07-17-3.jpg\" alt=\"photo_2020-01-27_09-06-50 (2)\" \/><\/figure><\/a><\/div><div class=\"swiper-slide\" role=\"group\" aria-roledescription=\"slide\" aria-label=\"7 von 7\"><a data-elementor-open-lightbox=\"yes\" data-elementor-lightbox-slideshow=\"ada608e\" data-elementor-lightbox-title=\"photo_2020-01-27_09-06-49\" data-e-action-hash=\"#elementor-action%3Aaction%3Dlightbox%26settings%3DeyJpZCI6MTE4MTIsInVybCI6Imh0dHBzOlwvXC93d3cuZWxtZWRhbm90ZW5lcmlmZS5lc1wvd3AtY29udGVudFwvdXBsb2Fkc1wvMjAyMFwvMDJcL3Bob3RvXzIwMjAtMDEtMjdfMDktMDYtNDkuanBnIiwic2xpZGVzaG93IjoiYWRhNjA4ZSJ9\" href=\"https:\/\/www.elmedanotenerife.es\/wp-content\/uploads\/2020\/02\/photo_2020-01-27_09-06-49.jpg\"><figure class=\"swiper-slide-inner\"><img decoding=\"async\" class=\"swiper-slide-image\" src=\"https:\/\/www.elmedanotenerife.es\/wp-content\/uploads\/2020\/02\/photo_2020-01-27_09-07-17-4.jpg\" alt=\"photo_2020-01-27_09-06-49\" \/><\/figure><\/a><\/div>\t\t\t<\/div>\n\t\t\t\t\t\t\t\t\t\t\t\t<div class=\"elementor-swiper-button elementor-swiper-button-prev\" role=\"button\" tabindex=\"0\">\n\t\t\t\t\t\t<i aria-hidden=\"true\" class=\"eicon-chevron-left\"><\/i>\t\t\t\t\t<\/div>\n\t\t\t\t\t<div class=\"elementor-swiper-button elementor-swiper-button-next\" role=\"button\" tabindex=\"0\">\n\t\t\t\t\t\t<i aria-hidden=\"true\" class=\"eicon-chevron-right\"><\/i>\t\t\t\t\t<\/div>\n\t\t\t\t\n\t\t\t\t\t\t\t\t\t<div class=\"swiper-pagination\"><\/div>\n\t\t\t\t\t\t\t\t\t<\/div>\n\t\t\t\t\t\t<\/div>\n\t\t\t\t<\/div>\n\t\t\t\t<div class=\"elementor-element elementor-element-9817d96 elementor-widget elementor-widget-text-editor\" data-id=\"9817d96\" data-element_type=\"widget\" data-e-type=\"widget\" data-widget_type=\"text-editor.default\">\n\t\t\t\t<div class=\"elementor-widget-container\">\n\t\t\t\t\t\t\t\t\t<p>Jedes Jahr, im <strong>Monat April,<\/strong>wird die Wallfahrt zur H\u00f6hle des Heiligen Hermano Pedro (erster Heiliger der Kanarischen Inseln) gefeiert, in der N\u00e4he der K\u00fcste von Granadilla.<\/p>\n<p>In der N\u00e4he der H\u00f6hle befindet sich Bruder Hermano PedroEre, ein Ort, an dem der Ordensmann seine Herde nahm, um Wasser zu trinken.<\/p>\n<p>W\u00e4hrend der Reise wird der Pilger durch Gebiete gehen, die in der Region zweitranig und emblematisch sind. In der Tat, auf der Tour k\u00f6nnen Sie alte Terrassen der Landwirtschaft, einheimische Flora und Fauna, und Orte von gutem kulturellem Interesse (BIC), wie die Casa de los Soler und den Platz von San Pedro de Vilaflor zu sehen.<\/p>\n\t\t\t\t\t\t\t\t<\/div>\n\t\t\t\t<\/div>\n\t\t\t\t\t<\/div>\n\t\t<\/div>\n\t\t\t\t\t<\/div>\n\t\t<\/section>\n\t\t\t\t<\/div>\n\t\t","protected":false},"excerpt":{"rendered":"<p>Besuch der H\u00f6hle des heiligen Hermano Pedro Bruder Peters Weg Pilgerweg zu Ehren des geborenen Papstes Hermano Pedro von Betencourt&hellip;<\/p>\n","protected":false},"author":1,"featured_media":0,"parent":0,"menu_order":0,"comment_status":"closed","ping_status":"closed","template":"elementor_header_footer","meta":{"_bbp_topic_count":0,"_bbp_reply_count":0,"_bbp_total_topic_count":0,"_bbp_total_reply_count":0,"_bbp_voice_count":0,"_bbp_anonymous_reply_count":0,"_bbp_topic_count_hidden":0,"_bbp_reply_count_hidden":0,"_bbp_forum_subforum_count":0,"footnotes":""},"class_list":["post-12821","page","type-page","status-publish","hentry"],"yoast_head":"<!-- This site is optimized with the Yoast SEO plugin v27.4 - https:\/\/yoast.com\/product\/yoast-seo-wordpress\/ -->\n<title>Bruder Peters Weg - El M\u00e9dano Tenerife<\/title>\n<meta name=\"robots\" content=\"index, follow, max-snippet:-1, max-image-preview:large, max-video-preview:-1\" \/>\n<link rel=\"canonical\" href=\"https:\/\/www.elmedanotenerife.es\/de\/bruder-peters-weg\/\" \/>\n<meta property=\"og:locale\" content=\"de_DE\" \/>\n<meta property=\"og:type\" content=\"article\" \/>\n<meta property=\"og:title\" content=\"Bruder Peters Weg - El M\u00e9dano Tenerife\" \/>\n<meta property=\"og:description\" content=\"Besuch der H\u00f6hle des heiligen Hermano Pedro Bruder Peters Weg Pilgerweg zu Ehren des geborenen Papstes Hermano Pedro von Betencourt&hellip;\" \/>\n<meta property=\"og:url\" content=\"https:\/\/www.elmedanotenerife.es\/de\/bruder-peters-weg\/\" \/>\n<meta property=\"og:site_name\" content=\"El M\u00e9dano Tenerife\" \/>\n<meta property=\"article:modified_time\" content=\"2020-02-13T11:41:41+00:00\" \/>\n<meta property=\"og:image\" content=\"https:\/\/www.elmedanotenerife.es\/wp-content\/uploads\/2020\/02\/e94da1c5631238390e32500f062760de.png\" \/>\n<meta name=\"twitter:card\" content=\"summary_large_image\" \/>\n<meta name=\"twitter:label1\" content=\"Gesch\u00e4tzte Lesezeit\" \/>\n\t<meta name=\"twitter:data1\" content=\"1\u00a0Minute\" \/>\n<script type=\"application\/ld+json\" class=\"yoast-schema-graph\">{\"@context\":\"https:\\\/\\\/schema.org\",\"@graph\":[{\"@type\":\"WebPage\",\"@id\":\"https:\\\/\\\/www.elmedanotenerife.es\\\/de\\\/bruder-peters-weg\\\/\",\"url\":\"https:\\\/\\\/www.elmedanotenerife.es\\\/de\\\/bruder-peters-weg\\\/\",\"name\":\"Bruder Peters Weg - El M\u00e9dano Tenerife\",\"isPartOf\":{\"@id\":\"https:\\\/\\\/www.elmedanotenerife.es\\\/de\\\/#website\"},\"primaryImageOfPage\":{\"@id\":\"https:\\\/\\\/www.elmedanotenerife.es\\\/de\\\/bruder-peters-weg\\\/#primaryimage\"},\"image\":{\"@id\":\"https:\\\/\\\/www.elmedanotenerife.es\\\/de\\\/bruder-peters-weg\\\/#primaryimage\"},\"thumbnailUrl\":\"https:\\\/\\\/www.elmedanotenerife.es\\\/wp-content\\\/uploads\\\/2020\\\/02\\\/e94da1c5631238390e32500f062760de.png\",\"datePublished\":\"2020-02-13T11:41:40+00:00\",\"dateModified\":\"2020-02-13T11:41:41+00:00\",\"breadcrumb\":{\"@id\":\"https:\\\/\\\/www.elmedanotenerife.es\\\/de\\\/bruder-peters-weg\\\/#breadcrumb\"},\"inLanguage\":\"de\",\"potentialAction\":[{\"@type\":\"ReadAction\",\"target\":[\"https:\\\/\\\/www.elmedanotenerife.es\\\/de\\\/bruder-peters-weg\\\/\"]}]},{\"@type\":\"ImageObject\",\"inLanguage\":\"de\",\"@id\":\"https:\\\/\\\/www.elmedanotenerife.es\\\/de\\\/bruder-peters-weg\\\/#primaryimage\",\"url\":\"https:\\\/\\\/www.elmedanotenerife.es\\\/wp-content\\\/uploads\\\/2020\\\/02\\\/e94da1c5631238390e32500f062760de.png\",\"contentUrl\":\"https:\\\/\\\/www.elmedanotenerife.es\\\/wp-content\\\/uploads\\\/2020\\\/02\\\/e94da1c5631238390e32500f062760de.png\"},{\"@type\":\"BreadcrumbList\",\"@id\":\"https:\\\/\\\/www.elmedanotenerife.es\\\/de\\\/bruder-peters-weg\\\/#breadcrumb\",\"itemListElement\":[{\"@type\":\"ListItem\",\"position\":1,\"name\":\"Portada\",\"item\":\"https:\\\/\\\/www.elmedanotenerife.es\\\/de\\\/\"},{\"@type\":\"ListItem\",\"position\":2,\"name\":\"Bruder Peters Weg\"}]},{\"@type\":\"WebSite\",\"@id\":\"https:\\\/\\\/www.elmedanotenerife.es\\\/de\\\/#website\",\"url\":\"https:\\\/\\\/www.elmedanotenerife.es\\\/de\\\/\",\"name\":\"El M\u00e9dano Tenerife\",\"description\":\"\",\"potentialAction\":[{\"@type\":\"SearchAction\",\"target\":{\"@type\":\"EntryPoint\",\"urlTemplate\":\"https:\\\/\\\/www.elmedanotenerife.es\\\/de\\\/?s={search_term_string}\"},\"query-input\":{\"@type\":\"PropertyValueSpecification\",\"valueRequired\":true,\"valueName\":\"search_term_string\"}}],\"inLanguage\":\"de\"}]}<\/script>\n<!-- \/ Yoast SEO plugin. -->","yoast_head_json":{"title":"Bruder Peters Weg - El M\u00e9dano Tenerife","robots":{"index":"index","follow":"follow","max-snippet":"max-snippet:-1","max-image-preview":"max-image-preview:large","max-video-preview":"max-video-preview:-1"},"canonical":"https:\/\/www.elmedanotenerife.es\/de\/bruder-peters-weg\/","og_locale":"de_DE","og_type":"article","og_title":"Bruder Peters Weg - El M\u00e9dano Tenerife","og_description":"Besuch der H\u00f6hle des heiligen Hermano Pedro Bruder Peters Weg Pilgerweg zu Ehren des geborenen Papstes Hermano Pedro von Betencourt&hellip;","og_url":"https:\/\/www.elmedanotenerife.es\/de\/bruder-peters-weg\/","og_site_name":"El M\u00e9dano Tenerife","article_modified_time":"2020-02-13T11:41:41+00:00","og_image":[{"url":"https:\/\/www.elmedanotenerife.es\/wp-content\/uploads\/2020\/02\/e94da1c5631238390e32500f062760de.png","type":"","width":"","height":""}],"twitter_card":"summary_large_image","twitter_misc":{"Gesch\u00e4tzte Lesezeit":"1\u00a0Minute"},"schema":{"@context":"https:\/\/schema.org","@graph":[{"@type":"WebPage","@id":"https:\/\/www.elmedanotenerife.es\/de\/bruder-peters-weg\/","url":"https:\/\/www.elmedanotenerife.es\/de\/bruder-peters-weg\/","name":"Bruder Peters Weg - El M\u00e9dano Tenerife","isPartOf":{"@id":"https:\/\/www.elmedanotenerife.es\/de\/#website"},"primaryImageOfPage":{"@id":"https:\/\/www.elmedanotenerife.es\/de\/bruder-peters-weg\/#primaryimage"},"image":{"@id":"https:\/\/www.elmedanotenerife.es\/de\/bruder-peters-weg\/#primaryimage"},"thumbnailUrl":"https:\/\/www.elmedanotenerife.es\/wp-content\/uploads\/2020\/02\/e94da1c5631238390e32500f062760de.png","datePublished":"2020-02-13T11:41:40+00:00","dateModified":"2020-02-13T11:41:41+00:00","breadcrumb":{"@id":"https:\/\/www.elmedanotenerife.es\/de\/bruder-peters-weg\/#breadcrumb"},"inLanguage":"de","potentialAction":[{"@type":"ReadAction","target":["https:\/\/www.elmedanotenerife.es\/de\/bruder-peters-weg\/"]}]},{"@type":"ImageObject","inLanguage":"de","@id":"https:\/\/www.elmedanotenerife.es\/de\/bruder-peters-weg\/#primaryimage","url":"https:\/\/www.elmedanotenerife.es\/wp-content\/uploads\/2020\/02\/e94da1c5631238390e32500f062760de.png","contentUrl":"https:\/\/www.elmedanotenerife.es\/wp-content\/uploads\/2020\/02\/e94da1c5631238390e32500f062760de.png"},{"@type":"BreadcrumbList","@id":"https:\/\/www.elmedanotenerife.es\/de\/bruder-peters-weg\/#breadcrumb","itemListElement":[{"@type":"ListItem","position":1,"name":"Portada","item":"https:\/\/www.elmedanotenerife.es\/de\/"},{"@type":"ListItem","position":2,"name":"Bruder Peters Weg"}]},{"@type":"WebSite","@id":"https:\/\/www.elmedanotenerife.es\/de\/#website","url":"https:\/\/www.elmedanotenerife.es\/de\/","name":"El M\u00e9dano Tenerife","description":"","potentialAction":[{"@type":"SearchAction","target":{"@type":"EntryPoint","urlTemplate":"https:\/\/www.elmedanotenerife.es\/de\/?s={search_term_string}"},"query-input":{"@type":"PropertyValueSpecification","valueRequired":true,"valueName":"search_term_string"}}],"inLanguage":"de"}]}},"post_mailing_queue_ids":[],"_links":{"self":[{"href":"https:\/\/www.elmedanotenerife.es\/de\/wp-json\/wp\/v2\/pages\/12821","targetHints":{"allow":["GET"]}}],"collection":[{"href":"https:\/\/www.elmedanotenerife.es\/de\/wp-json\/wp\/v2\/pages"}],"about":[{"href":"https:\/\/www.elmedanotenerife.es\/de\/wp-json\/wp\/v2\/types\/page"}],"author":[{"embeddable":true,"href":"https:\/\/www.elmedanotenerife.es\/de\/wp-json\/wp\/v2\/users\/1"}],"replies":[{"embeddable":true,"href":"https:\/\/www.elmedanotenerife.es\/de\/wp-json\/wp\/v2\/comments?post=12821"}],"version-history":[{"count":1,"href":"https:\/\/www.elmedanotenerife.es\/de\/wp-json\/wp\/v2\/pages\/12821\/revisions"}],"predecessor-version":[{"id":12823,"href":"https:\/\/www.elmedanotenerife.es\/de\/wp-json\/wp\/v2\/pages\/12821\/revisions\/12823"}],"wp:attachment":[{"href":"https:\/\/www.elmedanotenerife.es\/de\/wp-json\/wp\/v2\/media?parent=12821"}],"curies":[{"name":"wp","href":"https:\/\/api.w.org\/{rel}","templated":true}]}}